{"id":9477,"date":"2022-04-28T13:16:39","date_gmt":"2022-04-28T11:16:39","guid":{"rendered":"https:\/\/www.upm.es\/recursosidi\/offers-resources\/sin categor\u00eda\/ontology-development-services\/"},"modified":"2022-04-28T13:16:44","modified_gmt":"2022-04-28T11:16:44","slug":"ontology-development-services","status":"publish","type":"product","link":"https:\/\/www.upm.es\/recursosidi\/en\/offers-resources\/technological-scientific-services\/services-technological-scientific-services\/ontology-development-services\/","title":{"rendered":"Ontology Development Services"},"content":{"rendered":"<h2>Ontology Development Services<\/h2>\n<hr \/>\n<h4>Description of Services Provided<!-- y tarifas --><\/h4>\n<p>In the context of this service, we provide support from our ontology engineers for the development of ontologies and controlled vocabularies. We cover the whole lifecycle of ontology development, from requirement specification to ontology publication with a comprehensive set of documentation.<!-- Recuerda que estas tarifas ser\u00e1n las oficiales aprobadas en Consejo de Direcci\u00f3n y Consejo Social. --><\/p>\n<hr \/>\n<h4>Market demands<\/h4>\n<p>Many organisations across all sectors have realised about the importance of having a systematic management of the data models that they handle, the terminologies that they use, the controlled lists of terms that they handle in their systems, etc. A good ontology governance provides support for all these processes, and the development of ontologies is central to this.<\/p>\n<hr \/>\n<h4>Field of application<\/h4>\n<p>This service is applicable to a wide are of application sectors and activities.<\/p>\n<hr \/>\n<h4>Differential Advantage<\/h4>\n<p>Our group has an experience of more than 20 years in ontology development for a wide variety of domains, including the creation of some of the most well-known methodologies for ontology development, which are used worldwide: Methontology, NeOn methodolgoy and LOT (Linked Open Terms) Methodology.<\/p>\n<hr \/>\n<h4>Examples of previous references<\/h4>\n<p>We have worked with private and public organisations, as well as in standardisation activities, on the development of ontologies, some of which have become key references in their areas. More information in our group&#8217;s website.<\/p>\n<hr \/>\n<h4>Equipment description<\/h4>\n<p>We use open source tools (some of which have been developed by us) for the development of ontologies. During the inception process, we will determine the requirements in terms of ontology development and support software that is needed for the ontology development activity.<\/p>\n<hr \/>\n<div class=\"pdfprnt-buttons pdfprnt-buttons-product pdfprnt-bottom-left\"><a href=\"https:\/\/www.upm.es\/recursosidi\/wp-json\/wp\/v2\/product\/9477?print=pdf\" class=\"pdfprnt-button pdfprnt-button-pdf\" target=\"_blank\"><span class=\"pdfprnt-button-title pdfprnt-button-pdf-title\">Descargar ficha<\/span><\/a><\/div>","protected":false},"excerpt":{"rendered":"<p>Services associated to the development of ontologies and controlled vocabularies in a diversity of domains<\/p>\n","protected":false},"featured_media":9476,"template":"","meta":{"_acf_changed":false},"product_cat":[2403],"product_tag":[2483,3323],"comunidades-upm":[],"quien":[],"mapa":[{"term_id":37,"name":"Digital Technologies, Artificial Intelligence, Cybersecurity, 5G, Robotics","slug":"digital_technologies-ai-cybersecurity-5g-robotics","term_group":0,"term_taxonomy_id":37,"taxonomy":"mapa","description":"","parent":0,"count":83,"filter":"raw","term_order":"24"}],"disponibilidad":[{"term_id":204,"name":"Disponible","slug":"disponible","term_group":0,"term_taxonomy_id":204,"taxonomy":"disponibilidad","description":"","parent":0,"count":110,"filter":"raw","term_order":"0"}],"donde":[{"term_id":1884,"name":"Artificial Intelligence R&amp;I Centre (AI.nnovation Space)","slug":"en_artificial-intelligence-ri-centre-ai-nnovation-space","term_group":0,"term_taxonomy_id":1884,"taxonomy":"donde","description":"","parent":0,"count":41,"filter":"raw","term_order":"0"},{"term_id":664,"name":"Centro de I+D+i en Inteligencia Artificial (AI.nnovation Space)","slug":"centro-de-idi-en-inteligencia-artificial-ai-nnovation-space","term_group":0,"term_taxonomy_id":664,"taxonomy":"donde","description":"","parent":0,"count":44,"filter":"raw","term_order":"0"},{"term_id":526,"name":"Ontology Engineering Group","slug":"ontology-engineering-group","term_group":0,"term_taxonomy_id":526,"taxonomy":"donde","description":"Trabajamos en las siguientes l&iacute;neas:\n&nbsp;\n\n<strong>Ingenier&iacute;a Ontol&oacute;gica.<\/strong> Construimos ontolog&iacute;as en dominios muy diversos, as&iacute; como m&eacute;todos y herramientas para facilitar esta tarea.\n<strong>Web Sem&aacute;ntica y Linked Data<\/strong>. Hemos creado Linked Data para organizaciones como la Biblioteca Nacional de Espa&ntilde;a, Instituto Geogr&aacute;fico Nacional, Ayuntamiento de Zaragoza, etc. Tambi&eacute;n hemos creado un gran n&uacute;mero de aplicaciones basadas en estos datos.\n<strong>Ingenier&iacute;a Ling&uuml;&iacute;stica.<\/strong> Aplicamos t&eacute;cnicas de procesamiento de lenguaje natural para la construcci&oacute;n de ontolog&iacute;as y la anotaci&oacute;n de textos, as&iacute; como el tratamiento de la multilingualidad.\n<strong>Integraci&oacute;n de datos.<\/strong> Creamos herramientas para integrar datos de bases de datos relacionales, hojas de c&aacute;lculo, streams de datos,, etc.\n<strong>e-Ciencia Sem&aacute;ntica.<\/strong> Facilitamos la labor de investigadores de varias disciplinas mediante el uso de tecnolog&iacute;as sem&aacute;nticas.\n","parent":0,"count":45,"filter":"raw","term_order":"0"},{"term_id":1750,"name":"Ontology Engineering Group","slug":"en_ontology-engineering-group","term_group":0,"term_taxonomy_id":1750,"taxonomy":"donde","description":"Trabajamos en las siguientes l&iacute;neas:\n&nbsp;\n\n<strong>Ingenier&iacute;a Ontol&oacute;gica.<\/strong> Construimos ontolog&iacute;as en dominios muy diversos, as&iacute; como m&eacute;todos y herramientas para facilitar esta tarea.\n<strong>Web Sem&aacute;ntica y Linked Data<\/strong>. Hemos creado Linked Data para organizaciones como la Biblioteca Nacional de Espa&ntilde;a, Instituto Geogr&aacute;fico Nacional, Ayuntamiento de Zaragoza, etc. Tambi&eacute;n hemos creado un gran n&uacute;mero de aplicaciones basadas en estos datos.\n<strong>Ingenier&iacute;a Ling&uuml;&iacute;stica.<\/strong> Aplicamos t&eacute;cnicas de procesamiento de lenguaje natural para la construcci&oacute;n de ontolog&iacute;as y la anotaci&oacute;n de textos, as&iacute; como el tratamiento de la multilingualidad.\n<strong>Integraci&oacute;n de datos.<\/strong> Creamos herramientas para integrar datos de bases de datos relacionales, hojas de c&aacute;lculo, streams de datos,, etc.\n<strong>e-Ciencia Sem&aacute;ntica.<\/strong> Facilitamos la labor de investigadores de varias disciplinas mediante el uso de tecnolog&iacute;as sem&aacute;nticas.\n","parent":0,"count":45,"filter":"raw","term_order":"0"}],"infraestructura":[],"ods":[{"term_id":2249,"name":"Industry, Innovation and Infrastructure","slug":"industry-innovation-and-infrastructure","term_group":0,"term_taxonomy_id":2249,"taxonomy":"ods","description":"","parent":0,"count":129,"filter":"raw","term_order":"0"}],"origen":[{"term_id":196,"name":"Infraestructuras, Instalaci\u00f3n, Equipo","slug":"infraestructuras","term_group":0,"term_taxonomy_id":196,"taxonomy":"origen","description":"","parent":0,"count":180,"filter":"raw","term_order":"0"}],"familia_tax":false,"quien_tax":false,"donde_tax":false,"year":"2021-01-01","contacto":"Escuela T\u00e9cnica Superior de Ingenieros Inform\u00e1ticos (ETSIINF). Universidad Polit\u00e9cnica de Madrid. Avda. Montepr\u00edncipe, s\/n. Boadilla del Monte, 28660, Espa\u00f1a","telefono":"910672911","pagina_web":"https:\/\/oeg.fi.upm.es\/","email":"oscar.corcho@upm.es","id_ficha_portal":"232","video":"","adjuntos":false,"adjuntos_portal":"","inf":false,"departamento":"","acf":[],"lang":"en","translation":{"en":9477,"es":9473},"_links":{"self":[{"href":"https:\/\/www.upm.es\/recursosidi\/wp-json\/wp\/v2\/product\/9477"}],"collection":[{"href":"https:\/\/www.upm.es\/recursosidi\/wp-json\/wp\/v2\/product"}],"about":[{"href":"https:\/\/www.upm.es\/recursosidi\/wp-json\/wp\/v2\/types\/product"}],"wp:featuredmedia":[{"embeddable":true,"href":"https:\/\/www.upm.es\/recursosidi\/wp-json\/wp\/v2\/media\/9476"}],"wp:attachment":[{"href":"https:\/\/www.upm.es\/recursosidi\/wp-json\/wp\/v2\/media?parent=9477"}],"wp:term":[{"taxonomy":"product_cat","embeddable":true,"href":"https:\/\/www.upm.es\/recursosidi\/wp-json\/wp\/v2\/product_cat?post=9477"},{"taxonomy":"product_tag","embeddable":true,"href":"https:\/\/www.upm.es\/recursosidi\/wp-json\/wp\/v2\/product_tag?post=9477"},{"taxonomy":"comunidad_upm","embeddable":true,"href":"https:\/\/www.upm.es\/recursosidi\/wp-json\/wp\/v2\/comunidades-upm?post=9477"},{"taxonomy":"quien","embeddable":true,"href":"https:\/\/www.upm.es\/recursosidi\/wp-json\/wp\/v2\/quien?post=9477"},{"taxonomy":"mapa","embeddable":true,"href":"https:\/\/www.upm.es\/recursosidi\/wp-json\/wp\/v2\/mapa?post=9477"},{"taxonomy":"disponibilidad","embeddable":true,"href":"https:\/\/www.upm.es\/recursosidi\/wp-json\/wp\/v2\/disponibilidad?post=9477"},{"taxonomy":"donde","embeddable":true,"href":"https:\/\/www.upm.es\/recursosidi\/wp-json\/wp\/v2\/donde?post=9477"},{"taxonomy":"infraestructura","embeddable":true,"href":"https:\/\/www.upm.es\/recursosidi\/wp-json\/wp\/v2\/infraestructura?post=9477"},{"taxonomy":"ods","embeddable":true,"href":"https:\/\/www.upm.es\/recursosidi\/wp-json\/wp\/v2\/ods?post=9477"},{"taxonomy":"origen","embeddable":true,"href":"https:\/\/www.upm.es\/recursosidi\/wp-json\/wp\/v2\/origen?post=9477"}],"curies":[{"name":"wp","href":"https:\/\/api.w.org\/{rel}","templated":true}]}}