{"id":9505,"date":"2022-05-19T02:18:46","date_gmt":"2022-05-19T00:18:46","guid":{"rendered":"https:\/\/www.upm.es\/recursosidi\/offers-resources\/sin%20categor\u00eda\/sistema-y-metodo-de-localizacion-de-excentricidades-en-maquinaselectricas-rotativas\/"},"modified":"2023-03-16T02:31:14","modified_gmt":"2023-03-16T01:31:14","slug":"sistema-y-metodo-de-localizacion-de-excentricidades-en-maquinaselectricas-rotativas","status":"publish","type":"product","link":"https:\/\/www.upm.es\/recursosidi\/offers-resources\/patentes\/sistema-y-metodo-de-localizacion-de-excentricidades-en-maquinaselectricas-rotativas\/","title":{"rendered":"Sistema y m\u00e9todo de localizaci\u00f3n de excentricidades en m\u00e1quinas\r\nel\u00e9ctricas rotativas"},"content":{"rendered":"<h5>Descripci\u00f3n de la patente <\/h5>\n<p>Sistema y m&eacute;todo de localizaci&oacute;n de excentricidades en&nbsp; m&aacute;quinas&nbsp; el&eacute;ctricas&nbsp; rotativas&nbsp; basados&nbsp; <br \/>en&nbsp; la medida de flujo disperso (13), (14), (15) de la m&aacute;quina rotativa&nbsp; a&nbsp; monitorizar&nbsp; mediante&nbsp; <br \/>al&nbsp; menos&nbsp; cuatro sensores&nbsp;&nbsp; (8)&nbsp;&nbsp; de&nbsp;&nbsp; flujo&nbsp;&nbsp; disperso&nbsp;&nbsp; opuestos geom&eacute;tricamente e instalados en <br \/>el exterior de dicha m&aacute;quina&nbsp;&nbsp;&nbsp; rotativa,&nbsp;&nbsp;&nbsp; permitiendo&nbsp;&nbsp;&nbsp; detectar excentricidades del rotor (2) <br \/>mediante la comparaci&oacute;n entre valores eficaces de las se&ntilde;ales de salida de los sensores (8), <br \/>discriminar entre excentricidad est&aacute;tica<br \/>(6) o excentricidad din&aacute;mica (7) y localizar la posici&oacute;n y\/o desviaci&oacute;n del eje de forma no invasiva.<\/p>\n<h5>Situaci\u00f3n <\/h5>\n<p>Concedida<\/p>\n<h5>N\u00famero de solicitud<\/h5>\n<p>P202131089<\/p>\n<h5>N\u00famero de publicaci\u00f3n<\/h5>\n<p>ES2909951<\/p>\n<h5>Fecha de presentaci\u00f3n <\/h5>\n<p>22\/11\/2021<\/p>\n<h5>Fecha de publicaci\u00f3n <\/h5>\n<p>10\/05\/2022<\/p>\n<h5>Fecha de concesi\u00f3n <\/h5>\n<p>03\/03\/2023<\/p>\n<div class=\"pdfprnt-buttons pdfprnt-buttons-product pdfprnt-bottom-left\"><a href=\"https:\/\/www.upm.es\/recursosidi\/wp-json\/wp\/v2\/product\/9505?print=pdf\" class=\"pdfprnt-button pdfprnt-button-pdf\" target=\"_blank\"><span class=\"pdfprnt-button-title pdfprnt-button-pdf-title\">Descargar ficha<\/span><\/a><\/div>","protected":false},"excerpt":{"rendered":"<p>Descripci\u00f3n de la patente Sistema y m&eacute;todo de localizaci&oacute;n de excentricidades en&nbsp; m&aacute;quinas&nbsp; el&eacute;ctricas&nbsp; rotativas&nbsp; basados&nbsp; en&nbsp; la medida de flujo disperso (13), (14), (15)&hellip;<\/p>\n","protected":false},"featured_media":0,"template":"","meta":{"_acf_changed":false},"product_cat":[3946],"product_tag":[4707,4145,4202,2577],"comunidades-upm":[],"quien":[],"mapa":[{"term_id":2405,"name":"Ciencia para la ingenier\u00eda y la arquitectura","slug":"ciencia-para-ingenieria-y-arquitectura","term_group":0,"term_taxonomy_id":2405,"taxonomy":"mapa","description":"","parent":0,"count":127,"filter":"raw","term_order":"7"},{"term_id":133,"name":"Clima, Energ\u00eda y Movilidad","slug":"clima-energia-movilidad","term_group":0,"term_taxonomy_id":133,"taxonomy":"mapa","description":"","parent":0,"count":129,"filter":"raw","term_order":"9"},{"term_id":135,"name":"Industria, materiales y econom\u00eda circular","slug":"industria-materiales-economia_circular","term_group":0,"term_taxonomy_id":135,"taxonomy":"mapa","description":"","parent":0,"count":165,"filter":"raw","term_order":"13"}],"disponibilidad":[],"donde":[{"term_id":374,"name":"Generaci\u00f3n el\u00e9ctrica con energ\u00eda e\u00f3lica","slug":"generacion-electrica-con-energia-eolica","term_group":0,"term_taxonomy_id":374,"taxonomy":"donde","description":"","parent":0,"count":70,"filter":"raw","term_order":"0"}],"infraestructura":[],"ods":[],"origen":[{"term_id":180,"name":"Patente","slug":"patente","term_group":0,"term_taxonomy_id":180,"taxonomy":"origen","description":"","parent":0,"count":614,"filter":"raw","term_order":"0"}],"familia_tax":false,"quien_tax":false,"donde_tax":false,"year":"","contacto":"<strong>Principales: <\/strong><ul><li>JOSE MANUEL GUERRERO GRANADOS <blockquote><strong>josemanuel.guerrero@upm.es<\/strong><\/blockquote><\/li><li>FRANCISCO BLAZQUEZ GARCIA <blockquote><strong>francisco.blazquez@upm.es<\/strong><\/blockquote><\/li><li>CARLOS ANTONIO PLATERO GAONA <blockquote><strong>carlosantonio.platero@upm.es<\/strong><\/blockquote><\/li><\/ul><strong>Otros investigadores UPM: <\/strong><ul><li>JACOB ANDR\u00c9S CUESTA V\u00c1ZQUEZ E.T.S. de Ingenieros Industriales<\/li><\/ul>","telefono":"","pagina_web":"","email":"","id_ficha_portal":"1786","video":"","adjuntos":false,"adjuntos_portal":"https:\/\/www.upm.es\/S2i\/Acuse\/recuperarArchivo.jsp?id=1786&id_archivo=13570&tipo=patente&extension=fichero","inf":false,"departamento":"","acf":[],"lang":"es","translation":{"es":9505},"_links":{"self":[{"href":"https:\/\/www.upm.es\/recursosidi\/wp-json\/wp\/v2\/product\/9505"}],"collection":[{"href":"https:\/\/www.upm.es\/recursosidi\/wp-json\/wp\/v2\/product"}],"about":[{"href":"https:\/\/www.upm.es\/recursosidi\/wp-json\/wp\/v2\/types\/product"}],"wp:attachment":[{"href":"https:\/\/www.upm.es\/recursosidi\/wp-json\/wp\/v2\/media?parent=9505"}],"wp:term":[{"taxonomy":"product_cat","embeddable":true,"href":"https:\/\/www.upm.es\/recursosidi\/wp-json\/wp\/v2\/product_cat?post=9505"},{"taxonomy":"product_tag","embeddable":true,"href":"https:\/\/www.upm.es\/recursosidi\/wp-json\/wp\/v2\/product_tag?post=9505"},{"taxonomy":"comunidad_upm","embeddable":true,"href":"https:\/\/www.upm.es\/recursosidi\/wp-json\/wp\/v2\/comunidades-upm?post=9505"},{"taxonomy":"quien","embeddable":true,"href":"https:\/\/www.upm.es\/recursosidi\/wp-json\/wp\/v2\/quien?post=9505"},{"taxonomy":"mapa","embeddable":true,"href":"https:\/\/www.upm.es\/recursosidi\/wp-json\/wp\/v2\/mapa?post=9505"},{"taxonomy":"disponibilidad","embeddable":true,"href":"https:\/\/www.upm.es\/recursosidi\/wp-json\/wp\/v2\/disponibilidad?post=9505"},{"taxonomy":"donde","embeddable":true,"href":"https:\/\/www.upm.es\/recursosidi\/wp-json\/wp\/v2\/donde?post=9505"},{"taxonomy":"infraestructura","embeddable":true,"href":"https:\/\/www.upm.es\/recursosidi\/wp-json\/wp\/v2\/infraestructura?post=9505"},{"taxonomy":"ods","embeddable":true,"href":"https:\/\/www.upm.es\/recursosidi\/wp-json\/wp\/v2\/ods?post=9505"},{"taxonomy":"origen","embeddable":true,"href":"https:\/\/www.upm.es\/recursosidi\/wp-json\/wp\/v2\/origen?post=9505"}],"curies":[{"name":"wp","href":"https:\/\/api.w.org\/{rel}","templated":true}]}}