{"id":9507,"date":"2022-06-07T02:33:56","date_gmt":"2022-06-07T00:33:56","guid":{"rendered":"https:\/\/www.upm.es\/recursosidi\/offers-resources\/sin%20categor\u00eda\/un-sistema-de-deteccion-sismico\/"},"modified":"2023-03-03T02:54:55","modified_gmt":"2023-03-03T01:54:55","slug":"un-sistema-de-deteccion-sismico","status":"publish","type":"product","link":"https:\/\/www.upm.es\/recursosidi\/offers-resources\/patentes\/un-sistema-de-deteccion-sismico\/","title":{"rendered":"Un sistema de detecci\u00f3n s\u00edsmico"},"content":{"rendered":"<h5>Descripci\u00f3n de la patente <\/h5>\n<p>Un&nbsp; sistema&nbsp; de&nbsp; detecci&oacute;n&nbsp; s&iacute;smico&nbsp; en&nbsp; un&nbsp; &uacute;nico dispositivo,&nbsp; que&nbsp; comprende&nbsp; un&nbsp; primer&nbsp; <br \/>contenedor poli&eacute;drico&nbsp; 3D&nbsp; interno&nbsp; (12),&nbsp; un&nbsp; dispositivo&nbsp; sensor nanogenerador de energ&iacute;a <br \/>triboel&eacute;ctrica TENG (13) adosado por una primera superficie exterior (21) a una primera superficie <br \/>exterior del primer contenedor poli&eacute;drico&nbsp; 3D&nbsp; interno&nbsp; (12)&nbsp; y&nbsp; por&nbsp; una&nbsp; segunda superficie&nbsp; <br \/>exterior&nbsp; del&nbsp; sensor&nbsp; TENG&nbsp; (13)&nbsp; est&aacute; adosado&nbsp; a&nbsp; una&nbsp; primera&nbsp; superficie&nbsp; exterior&nbsp; de&nbsp; una <br \/>masa inercial, una segunda superficie exterior de la masa inercial (14) est&aacute; acoplada mec&aacute;nicamente <br \/>a un primer extremo de un resorte y un segundo extremo del resorte (15) est&aacute; acoplado mec&aacute;nicamente <br \/>a una primera superficie interior de un segundo contenedor poli&eacute;drico 3D exterior (16). El resorte <br \/>(15) comprime a la&nbsp; masa&nbsp; inercial&nbsp; (14)&nbsp; y&nbsp; el&nbsp; segundo&nbsp; contenedor poli&eacute;drico&nbsp; 3D&nbsp; exterior&nbsp; (16) <br \/>&nbsp;envuelve&nbsp; protegiendo exteriormente a una primera cadena de deformaci&oacute;n formada&nbsp; por&nbsp; el&nbsp; primer&nbsp; <br \/>contenedor&nbsp; poli&eacute;drico&nbsp; 3D interno (12), el sensor TENG (13), la masa inercial (14) y el resorte (15).<\/p>\n<h5>Situaci\u00f3n <\/h5>\n<p>Concedida<\/p>\n<h5>N\u00famero de solicitud<\/h5>\n<p>P202131218<\/p>\n<h5>N\u00famero de publicaci\u00f3n<\/h5>\n<p>ES2913295A1<\/p>\n<h5>Fecha de presentaci\u00f3n <\/h5>\n<p>28\/12\/2021<\/p>\n<h5>Fecha de publicaci\u00f3n <\/h5>\n<p>01\/06\/2022<\/p>\n<h5>Fecha de concesi\u00f3n <\/h5>\n<p>29\/12\/2022<\/p>\n<div class=\"pdfprnt-buttons pdfprnt-buttons-product pdfprnt-bottom-left\"><a href=\"https:\/\/www.upm.es\/recursosidi\/wp-json\/wp\/v2\/product\/9507?print=pdf\" class=\"pdfprnt-button pdfprnt-button-pdf\" target=\"_blank\"><span class=\"pdfprnt-button-title pdfprnt-button-pdf-title\">Descargar ficha<\/span><\/a><\/div>","protected":false},"excerpt":{"rendered":"<p>Descripci\u00f3n de la patente Un&nbsp; sistema&nbsp; de&nbsp; detecci&oacute;n&nbsp; s&iacute;smico&nbsp; en&nbsp; un&nbsp; &uacute;nico dispositivo,&nbsp; que&nbsp; comprende&nbsp; un&nbsp; primer&nbsp; contenedor poli&eacute;drico&nbsp; 3D&nbsp; interno&nbsp; (12),&nbsp; un&nbsp; dispositivo&nbsp; sensor&hellip;<\/p>\n","protected":false},"featured_media":0,"template":"","meta":{"_acf_changed":false},"product_cat":[3946],"product_tag":[4718,2577,4719,4717],"comunidades-upm":[],"quien":[],"mapa":[{"term_id":128,"name":"Espacio y Observaci\u00f3n de la Tierra","slug":"espacio-observacion_tierra","term_group":0,"term_taxonomy_id":128,"taxonomy":"mapa","description":"","parent":0,"count":19,"filter":"raw","term_order":"12"},{"term_id":135,"name":"Industria, materiales y econom\u00eda circular","slug":"industria-materiales-economia_circular","term_group":0,"term_taxonomy_id":135,"taxonomy":"mapa","description":"","parent":0,"count":165,"filter":"raw","term_order":"13"},{"term_id":126,"name":"Tecnolog\u00edas digitales, Inteligencia Artificial, ciberseguridad, 5G, rob\u00f3tica","slug":"tecnologias_digitales-ai-ciberseguridad-5g-robotica","term_group":0,"term_taxonomy_id":126,"taxonomy":"mapa","description":"","parent":0,"count":194,"filter":"raw","term_order":"23"}],"disponibilidad":[],"donde":[{"term_id":342,"name":"Materiales Estructurales Avanzados y Nanomateriales","slug":"materiales-estructurales-avanzados-y-nanomateriales","term_group":0,"term_taxonomy_id":342,"taxonomy":"donde","description":"Llevamos m&aacute;s de 20 a&ntilde;os desarrollando numerosas t&eacute;cnicas experimentales con las que podemos estudiar y caracterizar casi cualquier tipo de material y geometr&iacute;a en una variedad muy amplia de condiciones de servicio.\n&nbsp;\nNuestras l&iacute;neas de investigaci&oacute;n se pueden resumir en:\n&nbsp;\n\nMateriales compuestos\nMateriales para la seguridad\nBiomateriales estructurales\nIntegridad y seguridad estructural\nMateriales para la construcci&oacute;n\nNanomateriales\n","parent":0,"count":32,"filter":"raw","term_order":"0"}],"infraestructura":[],"ods":[],"origen":[{"term_id":180,"name":"Patente","slug":"patente","term_group":0,"term_taxonomy_id":180,"taxonomy":"origen","description":"","parent":0,"count":614,"filter":"raw","term_order":"0"}],"familia_tax":false,"quien_tax":false,"donde_tax":false,"year":"0000-00-00","contacto":"<strong>Principales: <\/strong><ul><li>JOSE SANCHEZ DEL RIO SAEZ <blockquote><strong>jose.sanchezdelrio@upm.es<\/strong><\/blockquote><\/li><\/ul><strong>Otros inventores: <\/strong><ul><li>AbdulmalikYusuf FUNDACION IMDEA MATERIALES<\/li> <li>Jos\u00e9S\u00e1nchez del R\u00edo S\u00e1ez FUNDACION IMDEA MATERIALES<\/li> <li>De-Yi Wang FUNDACION IMDEA MATERIALES<\/li> <\/ul>","telefono":"","pagina_web":"","email":"","id_ficha_portal":"1799","video":"","adjuntos":false,"adjuntos_portal":"https:\/\/www.upm.es\/S2i\/Acuse\/recuperarArchivo.jsp?id=1799&id_archivo=13434&tipo=patente&extension=fichero ","inf":false,"departamento":"","acf":[],"lang":"es","translation":{"es":9507},"_links":{"self":[{"href":"https:\/\/www.upm.es\/recursosidi\/wp-json\/wp\/v2\/product\/9507"}],"collection":[{"href":"https:\/\/www.upm.es\/recursosidi\/wp-json\/wp\/v2\/product"}],"about":[{"href":"https:\/\/www.upm.es\/recursosidi\/wp-json\/wp\/v2\/types\/product"}],"wp:attachment":[{"href":"https:\/\/www.upm.es\/recursosidi\/wp-json\/wp\/v2\/media?parent=9507"}],"wp:term":[{"taxonomy":"product_cat","embeddable":true,"href":"https:\/\/www.upm.es\/recursosidi\/wp-json\/wp\/v2\/product_cat?post=9507"},{"taxonomy":"product_tag","embeddable":true,"href":"https:\/\/www.upm.es\/recursosidi\/wp-json\/wp\/v2\/product_tag?post=9507"},{"taxonomy":"comunidad_upm","embeddable":true,"href":"https:\/\/www.upm.es\/recursosidi\/wp-json\/wp\/v2\/comunidades-upm?post=9507"},{"taxonomy":"quien","embeddable":true,"href":"https:\/\/www.upm.es\/recursosidi\/wp-json\/wp\/v2\/quien?post=9507"},{"taxonomy":"mapa","embeddable":true,"href":"https:\/\/www.upm.es\/recursosidi\/wp-json\/wp\/v2\/mapa?post=9507"},{"taxonomy":"disponibilidad","embeddable":true,"href":"https:\/\/www.upm.es\/recursosidi\/wp-json\/wp\/v2\/disponibilidad?post=9507"},{"taxonomy":"donde","embeddable":true,"href":"https:\/\/www.upm.es\/recursosidi\/wp-json\/wp\/v2\/donde?post=9507"},{"taxonomy":"infraestructura","embeddable":true,"href":"https:\/\/www.upm.es\/recursosidi\/wp-json\/wp\/v2\/infraestructura?post=9507"},{"taxonomy":"ods","embeddable":true,"href":"https:\/\/www.upm.es\/recursosidi\/wp-json\/wp\/v2\/ods?post=9507"},{"taxonomy":"origen","embeddable":true,"href":"https:\/\/www.upm.es\/recursosidi\/wp-json\/wp\/v2\/origen?post=9507"}],"curies":[{"name":"wp","href":"https:\/\/api.w.org\/{rel}","templated":true}]}}