{"id":9576,"date":"2022-06-24T12:18:04","date_gmt":"2022-06-24T10:18:04","guid":{"rendered":"https:\/\/www.upm.es\/recursosidi\/offers-resources\/sin categor\u00eda\/servicio-de-fabricacion-mediante-impresion-3d\/"},"modified":"2022-06-24T12:18:34","modified_gmt":"2022-06-24T10:18:34","slug":"servicio-de-fabricacion-mediante-impresion-3d","status":"publish","type":"product","link":"https:\/\/www.upm.es\/recursosidi\/offers-resources\/servicios-cientifico-tecnologico\/servicios-servicios-cientifico-tecnologico\/servicio-de-fabricacion-mediante-impresion-3d\/","title":{"rendered":"Servicio de fabricaci\u00f3n mediante impresi\u00f3n 3D"},"content":{"rendered":"<h2>Impresi&oacute;n 3D para piezas de equipamiento cient&iacute;fico<\/h2>\n<h4>Impresi&oacute;n 3D<!--  tarifado --><\/h4>\n<hr \/>\n<h4>Descripci&oacute;n de los servicios que se ofrecen <!-- y tarifas --><\/h4>\n<p>La impresora 3D es un sistema altamente vers&aacute;til que permite que cualquier investigador o persona externa a la UPM pueda fabricar dispositivos en tres dimensiones. Al tratarse de una impresora que se ha fabricado ad-hoc en el Instituto est&aacute; optimizada como sistema que permite fabricar peque&ntilde;as piezas tipo conectores, adaptadores, soportes, etc.. que son muy &uacute;tiles para poner en marcha procesos que no est&aacute;n estandarizados, en especial para investigaci&oacute;n.<!-- Recuerda que estas tarifas ser\u00e1n las oficiales aprobadas en Consejo de Direcci\u00f3n y Consejo Social. --><\/p>\n<hr \/>\n<h4>Necesidades demandadas y aplicaciones<\/h4>\n<p>Creaci&oacute;n de piezas en materiales pl&aacute;sticos de hasta 180mmx180mmx150mm con resoluci&oacute;n de 0.1mm. Uso para piezas de &oacute;ptica del laboratorio, piezas de prototipado para comprobar dimensiones y utilidad para fabricarlo posteriormente en otros materiales m&aacute;s resistentes<\/p>\n<hr \/>\n<h4>Sector&nbsp;<\/h4>\n<p>Cualquier sector que utliize equipamiento cientifico y requiera de piezas para su modificaci&oacute;n.<\/p>\n<hr \/>\n<h4>Competencias diferenciales<\/h4>\n<p>No es una impresora comercial, sino que se ha realizado el equipo dise&ntilde;andolo por nuestros ingenieros, lo que le confiere una elevada versatilidad.<\/p>\n<hr \/>\n<h4>Solicitud del servicio<\/h4>\n<div>\n<p>Por las caracter&iacute;sticas del servicio, los equipos y los espacios de c&aacute;maras qu&iacute;micas y salas blancas que se utilizan, es necesario realizar un profundo entrenamiento y poseer una dilatada experiencia en este &aacute;mbito. Y se requiere de personal t&eacute;cnico que se encargue del mantenimiento y puesta a punto del equipo. Por todo ello, si bien el servicio puede ser requerido por cualquier persona f&iacute;sica o jur&iacute;dica, s&oacute;lo podr&aacute; ser realizado por personal propio. Por favor, contacte con el responsable si est&aacute; interesado en utilizar nuestros servicios.<\/p>\n<\/div>\n<div class=\"pdfprnt-buttons pdfprnt-buttons-product pdfprnt-bottom-left\"><a href=\"https:\/\/www.upm.es\/recursosidi\/wp-json\/wp\/v2\/product\/9576?print=pdf\" class=\"pdfprnt-button pdfprnt-button-pdf\" target=\"_blank\"><span class=\"pdfprnt-button-title pdfprnt-button-pdf-title\">Descargar ficha<\/span><\/a><\/div>","protected":false},"excerpt":{"rendered":"<p>Equipo de impresi\u00f3n en tres dimensiones por deposici\u00f3n de material fundido para prototipado r\u00e1pido y eficaz de piezas en materiales PLA y ABS con alta resoluci\u00f3n de hasta 180mmx180mmx150mm.<\/p>\n","protected":false},"featured_media":9572,"template":"","meta":{"_acf_changed":false},"product_cat":[2395],"product_tag":[3547,3548],"comunidades-upm":[],"quien":[],"mapa":[{"term_id":133,"name":"Clima, Energ\u00eda y Movilidad","slug":"clima-energia-movilidad","term_group":0,"term_taxonomy_id":133,"taxonomy":"mapa","description":"","parent":0,"count":129,"filter":"raw","term_order":"9"},{"term_id":135,"name":"Industria, materiales y econom\u00eda circular","slug":"industria-materiales-economia_circular","term_group":0,"term_taxonomy_id":135,"taxonomy":"mapa","description":"","parent":0,"count":165,"filter":"raw","term_order":"13"}],"disponibilidad":[{"term_id":204,"name":"Disponible","slug":"disponible","term_group":0,"term_taxonomy_id":204,"taxonomy":"disponibilidad","description":"","parent":0,"count":110,"filter":"raw","term_order":"0"}],"donde":[{"term_id":236,"name":"Instituto de Energ\u00eda Solar (IES)","slug":"instituto-de-energia-solar-ies","term_group":0,"term_taxonomy_id":236,"taxonomy":"donde","description":"","parent":0,"count":41,"filter":"raw","term_order":"0"},{"term_id":432,"name":"Silicio y Nuevos Conceptos para C\u00e9lulas Solares","slug":"silicio-y-nuevos-conceptos-para-celulas-solares","term_group":0,"term_taxonomy_id":432,"taxonomy":"donde","description":"Uno de nuestros objetivos es el estudio de los l&iacute;mites de conversi&oacute;n de la energ&iacute;a solar fotovoltaica, con especial &eacute;nfasis en identificar mecanismos que puedan mejorar dr&aacute;sticamente el rendimiento actual de esta conversi&oacute;n. Entre &eacute;stos, promovemos las C&eacute;lulas Solares de Banda Intermedia, un &aacute;mbito de investigaci&oacute;n iniciado por nosotros que ha tenido mucha repercusi&oacute;n internacional.\n&nbsp;\nPor otro lado, la investigaci&oacute;n que realizamos tiene por objeto el apoyo a la industria espa&ntilde;ola y europea de c&eacute;lulas solares de silicio cristalino (que son la mayor&iacute;a de las presentes en el mercado), con objeto de abaratar costes y desarrollar nuevos productos.\n&nbsp;\nTodo esto lo llevamos a cabo a trav&eacute;s de tres l&iacute;neas de Investigaci&oacute;n:\n\nC&aacute;lculos cu&aacute;nticos para c&eacute;lulas solares\nNuevos conceptos en c&eacute;lulas solares\nTecnolog&iacute;a de silicio cristalino\n","parent":0,"count":17,"filter":"raw","term_order":"0"},{"term_id":1656,"name":"Silicon and New Concepts for Solar Cells","slug":"en_silicon-and-new-concepts-for-solar-cells","term_group":0,"term_taxonomy_id":1656,"taxonomy":"donde","description":"Uno de nuestros objetivos es el estudio de los l&iacute;mites de conversi&oacute;n de la energ&iacute;a solar fotovoltaica, con especial &eacute;nfasis en identificar mecanismos que puedan mejorar dr&aacute;sticamente el rendimiento actual de esta conversi&oacute;n. Entre &eacute;stos, promovemos las C&eacute;lulas Solares de Banda Intermedia, un &aacute;mbito de investigaci&oacute;n iniciado por nosotros que ha tenido mucha repercusi&oacute;n internacional.\n&nbsp;\nPor otro lado, la investigaci&oacute;n que realizamos tiene por objeto el apoyo a la industria espa&ntilde;ola y europea de c&eacute;lulas solares de silicio cristalino (que son la mayor&iacute;a de las presentes en el mercado), con objeto de abaratar costes y desarrollar nuevos productos.\n&nbsp;\nTodo esto lo llevamos a cabo a trav&eacute;s de tres l&iacute;neas de Investigaci&oacute;n:\n\nC&aacute;lculos cu&aacute;nticos para c&eacute;lulas solares\nNuevos conceptos en c&eacute;lulas solares\nTecnolog&iacute;a de silicio cristalino\n","parent":0,"count":6,"filter":"raw","term_order":"0"},{"term_id":1460,"name":"Solar Energy Institute","slug":"en_solar-energy-institute","term_group":0,"term_taxonomy_id":1460,"taxonomy":"donde","description":"","parent":0,"count":14,"filter":"raw","term_order":"0"}],"infraestructura":[],"ods":[{"term_id":2255,"name":"Energ\u00eda Asequible y no Contaminante","slug":"energia-asequible-y-no-contaminante","term_group":0,"term_taxonomy_id":2255,"taxonomy":"ods","description":"","parent":0,"count":34,"filter":"raw","term_order":"0"},{"term_id":2247,"name":"Industria, Innovaci\u00f3n e Infraestructura","slug":"industria-innovacion-e-infraestructura","term_group":0,"term_taxonomy_id":2247,"taxonomy":"ods","description":"","parent":0,"count":171,"filter":"raw","term_order":"0"}],"origen":[{"term_id":196,"name":"Infraestructuras, Instalaci\u00f3n, Equipo","slug":"infraestructuras","term_group":0,"term_taxonomy_id":196,"taxonomy":"origen","description":"","parent":0,"count":180,"filter":"raw","term_order":"0"}],"familia_tax":false,"quien_tax":false,"donde_tax":false,"year":"2021-01-01","contacto":"Instituto de Energ\u00eda Solar de la Universidad Polit\u00e9cnica de Madrid. Avenida Complutense, 30, 28040 Madrid.","telefono":"910672523","pagina_web":"https:\/\/www.ies.upm.es\/Investigacion\/Research_infrastructures\/IBLAB_Intermediate_Band_Lab","email":"anabelen.cristobal@upm.es","id_ficha_portal":"208","video":"","adjuntos":false,"adjuntos_portal":"","inf":false,"departamento":"","acf":[],"lang":"es","translation":{"es":9576,"en":9587},"_links":{"self":[{"href":"https:\/\/www.upm.es\/recursosidi\/wp-json\/wp\/v2\/product\/9576"}],"collection":[{"href":"https:\/\/www.upm.es\/recursosidi\/wp-json\/wp\/v2\/product"}],"about":[{"href":"https:\/\/www.upm.es\/recursosidi\/wp-json\/wp\/v2\/types\/product"}],"wp:featuredmedia":[{"embeddable":true,"href":"https:\/\/www.upm.es\/recursosidi\/wp-json\/wp\/v2\/media\/9572"}],"wp:attachment":[{"href":"https:\/\/www.upm.es\/recursosidi\/wp-json\/wp\/v2\/media?parent=9576"}],"wp:term":[{"taxonomy":"product_cat","embeddable":true,"href":"https:\/\/www.upm.es\/recursosidi\/wp-json\/wp\/v2\/product_cat?post=9576"},{"taxonomy":"product_tag","embeddable":true,"href":"https:\/\/www.upm.es\/recursosidi\/wp-json\/wp\/v2\/product_tag?post=9576"},{"taxonomy":"comunidad_upm","embeddable":true,"href":"https:\/\/www.upm.es\/recursosidi\/wp-json\/wp\/v2\/comunidades-upm?post=9576"},{"taxonomy":"quien","embeddable":true,"href":"https:\/\/www.upm.es\/recursosidi\/wp-json\/wp\/v2\/quien?post=9576"},{"taxonomy":"mapa","embeddable":true,"href":"https:\/\/www.upm.es\/recursosidi\/wp-json\/wp\/v2\/mapa?post=9576"},{"taxonomy":"disponibilidad","embeddable":true,"href":"https:\/\/www.upm.es\/recursosidi\/wp-json\/wp\/v2\/disponibilidad?post=9576"},{"taxonomy":"donde","embeddable":true,"href":"https:\/\/www.upm.es\/recursosidi\/wp-json\/wp\/v2\/donde?post=9576"},{"taxonomy":"infraestructura","embeddable":true,"href":"https:\/\/www.upm.es\/recursosidi\/wp-json\/wp\/v2\/infraestructura?post=9576"},{"taxonomy":"ods","embeddable":true,"href":"https:\/\/www.upm.es\/recursosidi\/wp-json\/wp\/v2\/ods?post=9576"},{"taxonomy":"origen","embeddable":true,"href":"https:\/\/www.upm.es\/recursosidi\/wp-json\/wp\/v2\/origen?post=9576"}],"curies":[{"name":"wp","href":"https:\/\/api.w.org\/{rel}","templated":true}]}}