{"id":9619,"date":"2022-06-24T12:20:58","date_gmt":"2022-06-24T10:20:58","guid":{"rendered":"https:\/\/www.upm.es\/recursosidi\/offers-resources\/sin categor\u00eda\/servicio-de-procesado-de-materiales-para-celulas-solares\/"},"modified":"2022-06-24T12:23:01","modified_gmt":"2022-06-24T10:23:01","slug":"servicio-de-procesado-de-materiales-para-celulas-solares","status":"publish","type":"product","link":"https:\/\/www.upm.es\/recursosidi\/offers-resources\/servicios-cientifico-tecnologico\/servicios-servicios-cientifico-tecnologico\/servicio-de-procesado-de-materiales-para-celulas-solares\/","title":{"rendered":"Servicio de procesado de materiales para c\u00e9lulas solares"},"content":{"rendered":"<h2>Servicio de procesado para fabricaci&oacute;n de c&eacute;lulas solares<\/h2>\n<h4>Conversi&oacute;n de materiales semiconductores en dispositivos electr&oacute;nicos &uacute;tiles<!--  tarifado --><\/h4>\n<hr \/>\n<h4>Descripci&oacute;n de los servicios que se ofrecen <!-- y tarifas --><\/h4>\n<p>La fabricaci&oacute;n de dispositivos electr&oacute;nicos como las c&eacute;lulas solares a partir de materiales semiconductores exige la repetici&oacute;n de varios procesos tecnol&oacute;gicos. En la &uacute;ltima d&eacute;cada el Instituto de Energ&iacute;a Solar se ha convertido en un especialista en la fabricaci&oacute;n de dispositivos sobre diferentes semiconductores (III-Vs, II-VIs) recibidos de varios Organismos e Instituciones en el marco de proyectos de investigaci&oacute;n nacionales e internacionales.<\/p>\n<p>Nuestro servicio de fabricaci&oacute;n tiene las siguientes capacidades:<\/p>\n<p>&bull; Limpieza y ataque: &aacute;cidos, org&aacute;nicos, ataque por plasma, lift-off, ataque mesas, ataque de capas de contacto, etc..<br \/>&bull; Metalizaci&oacute;n: evaporaci&oacute;n de contactos tipo ny tipo p<br \/>&bull; Fotolitograf&iacute;a: resinas positiva y negativa con\/sin m&aacute;scara<br \/>&bull; Aleados por Recocido t&eacute;rmico r&aacute;pido<br \/>&bull; Encapsulaci&oacute;n de dispositivos<br \/>&bull; Wire-bonding<br \/>&bull; Cortes<!-- Recuerda que estas tarifas ser\u00e1n las oficiales aprobadas en Consejo de Direcci\u00f3n y Consejo Social. --><\/p>\n<hr \/>\n<h4>Necesidades demandadas y aplicaciones<\/h4>\n<ul>\n<li>Procesado de semiconductores para empresas y centros de investigaci&oacute;n&nbsp;<\/li>\n<li>Desarrollo de pricesados espacialmente dise&ntilde;ados para nuevos materiaales y dispositivos.&nbsp;<\/li>\n<li>Consultor&iacute;a sobre procesados.<\/li>\n<\/ul>\n<hr \/>\n<h4>Sector o &aacute;rea de aplicaci&oacute;n<\/h4>\n<p>Materiales semiconductores en la industria fotovoltaica, micro y nanoelectroelectr&oacute;nica, optoelectronica. Sectores energ&iacute;a, espacial y electr&oacute;nico.<\/p>\n<hr \/>\n<h4>Competencias diferenciales<\/h4>\n<p>Nuestra experiencia de m&aacute;s de 25 a&ntilde;os en la fabricaci&oacute;n de c&eacute;lulas solares, unida a una intensa actividad en el &aacute;mbito de la innovaci&oacute;n para la fabrucaci&oacute;n de c&eacute;lulas solares de tercera generaci&oacute;n, nos han convertido en verdaderos espacialistas de &nbsp;estos procesos. Adem&aacute;s contamos con la &uacute;ltima tecnolog&iacute;a en nuestras instalaciones que aseguran una elevada calidad y reproducibilidad de los resultados.<\/p>\n<hr \/>\n<h4>Referencias previas de prestaci&oacute;n<\/h4>\n<hr \/>\n<h4>D&oacute;nde se ubica<\/h4>\n<p>Instituto de Energ\u00eda Solar. Sede: Moncloa.<\/p>\n<p>Avenida Complutense 40. 28040 Madrid. Espa\u00f1a.<\/p>\n<hr \/>\n<h4>Solicitud del servicio<\/h4>\n<div>\n<p>Por las caracter&iacute;sticas del servicio, los equipos y los espacios de c&aacute;maras qu&iacute;micas y salas blancas que se utilizan, es necesario realizar un profundo entrenamiento y poseer una dilatada experiencia en este &aacute;mbito. Por todo ello, si bien el servicio puede ser requerido por cualquier persona f&iacute;sica o jur&iacute;dica, s&oacute;lo podr&aacute; ser realizado por personal propio. Por favor, contacte con el responsable si est&aacute; interesado en utilizar nuestros servicios.<\/p>\n<\/div>\n<div class=\"pdfprnt-buttons pdfprnt-buttons-product pdfprnt-bottom-left\"><a href=\"https:\/\/www.upm.es\/recursosidi\/wp-json\/wp\/v2\/product\/9619?print=pdf\" class=\"pdfprnt-button pdfprnt-button-pdf\" target=\"_blank\"><span class=\"pdfprnt-button-title pdfprnt-button-pdf-title\">Descargar ficha<\/span><\/a><\/div>","protected":false},"excerpt":{"rendered":"<p>Servicio ofertado por el Laboratorio de Caracterizaci\u00f3n de Materiales y C\u00e9lulas Solares de Banda Intermedia IB-LAB del Instituto de Energ\u00eda Solar de la Universidad Polit\u00e9cnica de Madrid<\/p>\n","protected":false},"featured_media":9614,"template":"","meta":{"_acf_changed":false},"product_cat":[2395],"product_tag":[2645,2646],"comunidades-upm":[],"quien":[],"mapa":[{"term_id":133,"name":"Clima, Energ\u00eda y Movilidad","slug":"clima-energia-movilidad","term_group":0,"term_taxonomy_id":133,"taxonomy":"mapa","description":"","parent":0,"count":129,"filter":"raw","term_order":"9"},{"term_id":135,"name":"Industria, materiales y econom\u00eda circular","slug":"industria-materiales-economia_circular","term_group":0,"term_taxonomy_id":135,"taxonomy":"mapa","description":"","parent":0,"count":165,"filter":"raw","term_order":"13"}],"disponibilidad":[{"term_id":204,"name":"Disponible","slug":"disponible","term_group":0,"term_taxonomy_id":204,"taxonomy":"disponibilidad","description":"","parent":0,"count":110,"filter":"raw","term_order":"0"}],"donde":[{"term_id":236,"name":"Instituto de Energ\u00eda Solar (IES)","slug":"instituto-de-energia-solar-ies","term_group":0,"term_taxonomy_id":236,"taxonomy":"donde","description":"","parent":0,"count":41,"filter":"raw","term_order":"0"},{"term_id":1460,"name":"Solar Energy Institute","slug":"en_solar-energy-institute","term_group":0,"term_taxonomy_id":1460,"taxonomy":"donde","description":"","parent":0,"count":14,"filter":"raw","term_order":"0"}],"infraestructura":[],"ods":[{"term_id":2255,"name":"Energ\u00eda Asequible y no Contaminante","slug":"energia-asequible-y-no-contaminante","term_group":0,"term_taxonomy_id":2255,"taxonomy":"ods","description":"","parent":0,"count":34,"filter":"raw","term_order":"0"},{"term_id":2247,"name":"Industria, Innovaci\u00f3n e Infraestructura","slug":"industria-innovacion-e-infraestructura","term_group":0,"term_taxonomy_id":2247,"taxonomy":"ods","description":"","parent":0,"count":171,"filter":"raw","term_order":"0"}],"origen":[{"term_id":196,"name":"Infraestructuras, Instalaci\u00f3n, Equipo","slug":"infraestructuras","term_group":0,"term_taxonomy_id":196,"taxonomy":"origen","description":"","parent":0,"count":180,"filter":"raw","term_order":"0"}],"familia_tax":false,"quien_tax":false,"donde_tax":false,"year":"2009-01-01","contacto":"INSTITUTO DE ENERG\u00cdA SOLAR. E.T.S.I. TELECOMUNICACI\u00d3N. Avenida  Complutense, 30. Ciudad Universitaria. 28","telefono":"910672523","pagina_web":"https:\/\/www.ies.upm.es\/","email":"anabelen.cristobal@upm.es","id_ficha_portal":"206","video":"","adjuntos":false,"adjuntos_portal":"","inf":false,"departamento":"","acf":[],"lang":"es","translation":{"es":9619,"en":9659},"_links":{"self":[{"href":"https:\/\/www.upm.es\/recursosidi\/wp-json\/wp\/v2\/product\/9619"}],"collection":[{"href":"https:\/\/www.upm.es\/recursosidi\/wp-json\/wp\/v2\/product"}],"about":[{"href":"https:\/\/www.upm.es\/recursosidi\/wp-json\/wp\/v2\/types\/product"}],"wp:featuredmedia":[{"embeddable":true,"href":"https:\/\/www.upm.es\/recursosidi\/wp-json\/wp\/v2\/media\/9614"}],"wp:attachment":[{"href":"https:\/\/www.upm.es\/recursosidi\/wp-json\/wp\/v2\/media?parent=9619"}],"wp:term":[{"taxonomy":"product_cat","embeddable":true,"href":"https:\/\/www.upm.es\/recursosidi\/wp-json\/wp\/v2\/product_cat?post=9619"},{"taxonomy":"product_tag","embeddable":true,"href":"https:\/\/www.upm.es\/recursosidi\/wp-json\/wp\/v2\/product_tag?post=9619"},{"taxonomy":"comunidad_upm","embeddable":true,"href":"https:\/\/www.upm.es\/recursosidi\/wp-json\/wp\/v2\/comunidades-upm?post=9619"},{"taxonomy":"quien","embeddable":true,"href":"https:\/\/www.upm.es\/recursosidi\/wp-json\/wp\/v2\/quien?post=9619"},{"taxonomy":"mapa","embeddable":true,"href":"https:\/\/www.upm.es\/recursosidi\/wp-json\/wp\/v2\/mapa?post=9619"},{"taxonomy":"disponibilidad","embeddable":true,"href":"https:\/\/www.upm.es\/recursosidi\/wp-json\/wp\/v2\/disponibilidad?post=9619"},{"taxonomy":"donde","embeddable":true,"href":"https:\/\/www.upm.es\/recursosidi\/wp-json\/wp\/v2\/donde?post=9619"},{"taxonomy":"infraestructura","embeddable":true,"href":"https:\/\/www.upm.es\/recursosidi\/wp-json\/wp\/v2\/infraestructura?post=9619"},{"taxonomy":"ods","embeddable":true,"href":"https:\/\/www.upm.es\/recursosidi\/wp-json\/wp\/v2\/ods?post=9619"},{"taxonomy":"origen","embeddable":true,"href":"https:\/\/www.upm.es\/recursosidi\/wp-json\/wp\/v2\/origen?post=9619"}],"curies":[{"name":"wp","href":"https:\/\/api.w.org\/{rel}","templated":true}]}}