{"id":9697,"date":"2022-06-24T12:24:05","date_gmt":"2022-06-24T10:24:05","guid":{"rendered":"https:\/\/www.upm.es\/recursosidi\/offers-resources\/sin categor\u00eda\/servicio-de-caracterizacion-de-celulas-solares\/"},"modified":"2022-06-24T12:26:19","modified_gmt":"2022-06-24T10:26:19","slug":"servicio-de-caracterizacion-de-celulas-solares","status":"publish","type":"product","link":"https:\/\/www.upm.es\/recursosidi\/offers-resources\/servicios-cientifico-tecnologico\/servicios-servicios-cientifico-tecnologico\/servicio-de-caracterizacion-de-celulas-solares\/","title":{"rendered":"Servicio de caracterizaci\u00f3n de c\u00e9lulas solares"},"content":{"rendered":"<h2>SERVICIO DE CARACTERIZACI&Oacute;N DE MATERIALES SEMICONDUCTORES Y C&Eacute;LULAS SOLARES.<\/h2>\n<h4>Servicio de caracterizaci&oacute;n estructural y optoelectr&oacute;nica de semiconductores y c&eacute;lulas solares<!--  tarifado --><\/h4>\n<hr \/>\n<h4>Descripci&oacute;n de los servicios que se ofrecen <!-- y tarifas --><\/h4>\n<div><strong><em>Fotoreflectancia<\/em><\/strong> para la determinaci&oacute;n del gap de los semiconductores.<\/div>\n<div>\n<div><strong><em>Eficiencia Cu&aacute;ntica <\/em><\/strong>para la determinaci&oacute;n del % de fotones convertidos en corriente.<\/div>\n<div>\n<div><strong><em>Caracter&iacute;stica Corriente Voltaje. <\/em><\/strong>Con capacidad de realizar los ensayos en iluminaci&ntilde;&oacute;n, oscuridad, en concentraci&oacute;n (2500x) y a bajas temperaturas.<\/div>\n<div>\n<div><strong><em>Medidas de concentraci&oacute;n. <\/em><\/strong>Estudio del comportamiento de nuevos semiconductores y dispositivos bajo concentraci&oacute;n hasta 10.000x. Esta prueba se puede realizar a bajas temperaturas.<\/div>\n<div>\n<div><strong><em>Medidas FTIR. <\/em><\/strong>Realizaci&oacute;n de pruebas FTIR para determinar el coeficiente de absorci&oacute;n &oacute;ptica de materiales fotovoltaicos principalmente en infrarrojos.<\/div>\n<div>\n<div><strong><em>Medidas DLTS. <\/em><\/strong>Realizaci&oacute;n de medidas DLTS para estudiar defectos de semiconductores.<\/div>\n<div><strong><em>Fotolumniscencia\/Electroluminiscencia.<\/em><\/strong> Medici&oacute;n de fotoluminiscencia y electroluminiscencia de materiales y c&eacute;lulas solares.<\/div>\n<div><strong><em>Perfilometr&iacute;a. <\/em><\/strong>Capacidad de determinar la rugosidad de las superficies.<\/div>\n<div><strong><em>Im&aacute;genes &oacute;pticas de gran resoluci&oacute;n.<\/em><\/strong><\/div>\n<div>&nbsp;<\/div>\n<div>Rangos de medida disponibles en el fichero adjunto.<\/div>\n<div>&nbsp;<\/div>\n<\/div>\n<\/div>\n<\/div>\n<\/div>\n<\/div>\n<hr \/>\n<h4>Necesidades demandadas y aplicaciones<\/h4>\n<p>Actualmente existe una gran actividad de investigaci&oacute;n y fabricaci&oacute;n de nuevos materiales con propiedades mejoradas. Sin embargo, para poder validar los mismos como dispositivos electricos &uacute;tiles se hace necesario disponer de laboratorios que tengan la capacidad de caracterizaci&oacute;n de los dispositivos. Desde este servicio, ofertado por la infraestructura IBLAB, del Instituto de Energ&iacute;a Solar, ponemos a disposici&oacute;n de terceros toda nuestra experiencia en la caracterizaci&oacute;n de c&eacute;lulas solares con los equipos, incluyendo servicios de consultor&iacute;a.<\/p>\n<hr \/>\n<h4>Sector o &aacute;rea de aplicaci&oacute;n<\/h4>\n<p>Materiales semiconductores en la industria fotovoltaica, micro y nanoelectroelectr&oacute;nica, optoelectronica. Sectores energ&iacute;a, espacial y electr&oacute;nico.<\/p>\n<hr \/>\n<h4>Competencias diferenciales<\/h4>\n<p>El Instituto de Energ&iacute;a solar es uno de los centros m&aacute;s antiguos a nivel mundial explorando el potencial de la energ&iacute;a solar fotovoltaica. Toda la experiencia y know-how adquirida por nuestros investigadores y t&eacute;cnicos atravesados de cientos de proyectos de investigaci&oacute;n se pone al servicio de terceros para facilitar el avance de los desarrollos I+D en equipos que no disponen de las infraestructuras o empresas que requieren de servicios puntuales. Nuestro laboratorio cuenta con acreditaci&oacute;n ISO9001 desde el a&ntilde;o 2009. Somos un laboratorio perteneciente a de la Red de Laboratorios de la Comunidad de Madrid.<\/p>\n<hr \/>\n<h4>Referencias previas de prestaci&oacute;n<\/h4>\n<p>Nuestra Infraestructura &nbsp;ofrece sus servicios tecnol&oacute;gicos desde 2009. Hemos colaborado con empresas y centros de investigaci&oacute;n nacionales e internacionales, ofreciendo nuestros servicios tanto como servicio privado o formando parte de consorcios de investigaci&oacute;n como infraestructura tecnol&oacute;gica utilizada por los grupos de investigaci&oacute;n.<\/p>\n<hr \/>\n<h4>D&oacute;nde se ubica<\/h4>\n<p>Instituto de Energ&iacute;a Solar. Sede: Moncloa.<\/p>\n<p>Avenida Complutense 40. 28040 Madrid. Espa&ntilde;a.<\/p>\n<hr \/>\n<h4>Solicitud del servicio<\/h4>\n<p>Por las caracteristicas del servicio, los equipos y los espacios de c&aacute;maras qu&iacute;micas y salas blancas que se utilizan, es necesario realizar un profundo entrenamiento y poseer una dilatada experiencia en este &aacute;mbito. Y se requiere de personal t&eacute;cnico que se encarge del mantenimiento y puesta a punto del equipo. Por todo ello, si bien el servicio puede ser requerido por cualquier persona f&iacute;sica o jur&iacute;dica, s&oacute;lo podr&aacute; ser realizado por personal propio. Por favor, contacte con el responsable &nbsp;si est&aacute; interesado en utilizar nuestros servicios.<\/p>\n<hr \/>\n<div class=\"pdfprnt-buttons pdfprnt-buttons-product pdfprnt-bottom-left\"><a href=\"https:\/\/www.upm.es\/recursosidi\/wp-json\/wp\/v2\/product\/9697?print=pdf\" class=\"pdfprnt-button pdfprnt-button-pdf\" target=\"_blank\"><span class=\"pdfprnt-button-title pdfprnt-button-pdf-title\">Descargar ficha<\/span><\/a><\/div>","protected":false},"excerpt":{"rendered":"<p>El laboratorio dispone de numerosas t\u00e9cnicas  tanto convencionales, como de desarollo propio para la caracterizaci\u00f3n estructural y optoelectr\u00f3nica de materiales, dispositivos semiconductores y c\u00e9lulas solares de diferentes configuraciones.<\/p>\n","protected":false},"featured_media":9694,"template":"","meta":{"_acf_changed":false},"product_cat":[2395],"product_tag":[2647,2645,2567,2562,2594],"comunidades-upm":[],"quien":[],"mapa":[{"term_id":133,"name":"Clima, Energ\u00eda y Movilidad","slug":"clima-energia-movilidad","term_group":0,"term_taxonomy_id":133,"taxonomy":"mapa","description":"","parent":0,"count":129,"filter":"raw","term_order":"9"},{"term_id":135,"name":"Industria, materiales y econom\u00eda circular","slug":"industria-materiales-economia_circular","term_group":0,"term_taxonomy_id":135,"taxonomy":"mapa","description":"","parent":0,"count":165,"filter":"raw","term_order":"13"}],"disponibilidad":[{"term_id":205,"name":"Consultar disponibilidad","slug":"consultar","term_group":0,"term_taxonomy_id":205,"taxonomy":"disponibilidad","description":"","parent":0,"count":290,"filter":"raw","term_order":"0"}],"donde":[{"term_id":236,"name":"Instituto de Energ\u00eda Solar (IES)","slug":"instituto-de-energia-solar-ies","term_group":0,"term_taxonomy_id":236,"taxonomy":"donde","description":"","parent":0,"count":41,"filter":"raw","term_order":"0"},{"term_id":432,"name":"Silicio y Nuevos Conceptos para C\u00e9lulas Solares","slug":"silicio-y-nuevos-conceptos-para-celulas-solares","term_group":0,"term_taxonomy_id":432,"taxonomy":"donde","description":"Uno de nuestros objetivos es el estudio de los l&iacute;mites de conversi&oacute;n de la energ&iacute;a solar fotovoltaica, con especial &eacute;nfasis en identificar mecanismos que puedan mejorar dr&aacute;sticamente el rendimiento actual de esta conversi&oacute;n. Entre &eacute;stos, promovemos las C&eacute;lulas Solares de Banda Intermedia, un &aacute;mbito de investigaci&oacute;n iniciado por nosotros que ha tenido mucha repercusi&oacute;n internacional.\n&nbsp;\nPor otro lado, la investigaci&oacute;n que realizamos tiene por objeto el apoyo a la industria espa&ntilde;ola y europea de c&eacute;lulas solares de silicio cristalino (que son la mayor&iacute;a de las presentes en el mercado), con objeto de abaratar costes y desarrollar nuevos productos.\n&nbsp;\nTodo esto lo llevamos a cabo a trav&eacute;s de tres l&iacute;neas de Investigaci&oacute;n:\n\nC&aacute;lculos cu&aacute;nticos para c&eacute;lulas solares\nNuevos conceptos en c&eacute;lulas solares\nTecnolog&iacute;a de silicio cristalino\n","parent":0,"count":17,"filter":"raw","term_order":"0"},{"term_id":1656,"name":"Silicon and New Concepts for Solar Cells","slug":"en_silicon-and-new-concepts-for-solar-cells","term_group":0,"term_taxonomy_id":1656,"taxonomy":"donde","description":"Uno de nuestros objetivos es el estudio de los l&iacute;mites de conversi&oacute;n de la energ&iacute;a solar fotovoltaica, con especial &eacute;nfasis en identificar mecanismos que puedan mejorar dr&aacute;sticamente el rendimiento actual de esta conversi&oacute;n. Entre &eacute;stos, promovemos las C&eacute;lulas Solares de Banda Intermedia, un &aacute;mbito de investigaci&oacute;n iniciado por nosotros que ha tenido mucha repercusi&oacute;n internacional.\n&nbsp;\nPor otro lado, la investigaci&oacute;n que realizamos tiene por objeto el apoyo a la industria espa&ntilde;ola y europea de c&eacute;lulas solares de silicio cristalino (que son la mayor&iacute;a de las presentes en el mercado), con objeto de abaratar costes y desarrollar nuevos productos.\n&nbsp;\nTodo esto lo llevamos a cabo a trav&eacute;s de tres l&iacute;neas de Investigaci&oacute;n:\n\nC&aacute;lculos cu&aacute;nticos para c&eacute;lulas solares\nNuevos conceptos en c&eacute;lulas solares\nTecnolog&iacute;a de silicio cristalino\n","parent":0,"count":6,"filter":"raw","term_order":"0"},{"term_id":1460,"name":"Solar Energy Institute","slug":"en_solar-energy-institute","term_group":0,"term_taxonomy_id":1460,"taxonomy":"donde","description":"","parent":0,"count":14,"filter":"raw","term_order":"0"}],"infraestructura":[],"ods":[{"term_id":2231,"name":"Acci\u00f3n por el Clima","slug":"accion-por-el-clima","term_group":0,"term_taxonomy_id":2231,"taxonomy":"ods","description":"","parent":0,"count":67,"filter":"raw","term_order":"0"},{"term_id":2255,"name":"Energ\u00eda Asequible y no Contaminante","slug":"energia-asequible-y-no-contaminante","term_group":0,"term_taxonomy_id":2255,"taxonomy":"ods","description":"","parent":0,"count":34,"filter":"raw","term_order":"0"},{"term_id":2247,"name":"Industria, Innovaci\u00f3n e Infraestructura","slug":"industria-innovacion-e-infraestructura","term_group":0,"term_taxonomy_id":2247,"taxonomy":"ods","description":"","parent":0,"count":171,"filter":"raw","term_order":"0"}],"origen":[{"term_id":196,"name":"Infraestructuras, Instalaci\u00f3n, Equipo","slug":"infraestructuras","term_group":0,"term_taxonomy_id":196,"taxonomy":"origen","description":"","parent":0,"count":180,"filter":"raw","term_order":"0"}],"familia_tax":false,"quien_tax":false,"donde_tax":false,"year":"2009-01-01","contacto":"INSTITUTO DE ENERG\u00cdA SOLAR. E.T.S.I. TELECOMUNICACI\u00d3N. Avenida  Complutense, 30. Ciudad Universitaria. 28","telefono":"910672523","pagina_web":"https:\/\/www.ies.upm.es\/","email":"anabelen.cristobal@upm.es","id_ficha_portal":"207","video":"","adjuntos":false,"adjuntos_portal":"https:\/\/www.upm.es\/recursosidi\/wp-content\/uploads_kairos\/ficha_207\/ficha_207_doc_6.pdf","inf":false,"departamento":"","acf":[],"lang":"es","translation":{"es":9697,"en":9743},"_links":{"self":[{"href":"https:\/\/www.upm.es\/recursosidi\/wp-json\/wp\/v2\/product\/9697"}],"collection":[{"href":"https:\/\/www.upm.es\/recursosidi\/wp-json\/wp\/v2\/product"}],"about":[{"href":"https:\/\/www.upm.es\/recursosidi\/wp-json\/wp\/v2\/types\/product"}],"wp:featuredmedia":[{"embeddable":true,"href":"https:\/\/www.upm.es\/recursosidi\/wp-json\/wp\/v2\/media\/9694"}],"wp:attachment":[{"href":"https:\/\/www.upm.es\/recursosidi\/wp-json\/wp\/v2\/media?parent=9697"}],"wp:term":[{"taxonomy":"product_cat","embeddable":true,"href":"https:\/\/www.upm.es\/recursosidi\/wp-json\/wp\/v2\/product_cat?post=9697"},{"taxonomy":"product_tag","embeddable":true,"href":"https:\/\/www.upm.es\/recursosidi\/wp-json\/wp\/v2\/product_tag?post=9697"},{"taxonomy":"comunidad_upm","embeddable":true,"href":"https:\/\/www.upm.es\/recursosidi\/wp-json\/wp\/v2\/comunidades-upm?post=9697"},{"taxonomy":"quien","embeddable":true,"href":"https:\/\/www.upm.es\/recursosidi\/wp-json\/wp\/v2\/quien?post=9697"},{"taxonomy":"mapa","embeddable":true,"href":"https:\/\/www.upm.es\/recursosidi\/wp-json\/wp\/v2\/mapa?post=9697"},{"taxonomy":"disponibilidad","embeddable":true,"href":"https:\/\/www.upm.es\/recursosidi\/wp-json\/wp\/v2\/disponibilidad?post=9697"},{"taxonomy":"donde","embeddable":true,"href":"https:\/\/www.upm.es\/recursosidi\/wp-json\/wp\/v2\/donde?post=9697"},{"taxonomy":"infraestructura","embeddable":true,"href":"https:\/\/www.upm.es\/recursosidi\/wp-json\/wp\/v2\/infraestructura?post=9697"},{"taxonomy":"ods","embeddable":true,"href":"https:\/\/www.upm.es\/recursosidi\/wp-json\/wp\/v2\/ods?post=9697"},{"taxonomy":"origen","embeddable":true,"href":"https:\/\/www.upm.es\/recursosidi\/wp-json\/wp\/v2\/origen?post=9697"}],"curies":[{"name":"wp","href":"https:\/\/api.w.org\/{rel}","templated":true}]}}