{"id":9933,"date":"2022-06-29T02:49:27","date_gmt":"2022-06-29T00:49:27","guid":{"rendered":"https:\/\/www.upm.es\/recursosidi\/offers-resources\/sin%20categor\u00eda\/sistema-y-procedimiento-de-fusion-por-confinamiento-ionico-resonante\/"},"modified":"2023-01-18T09:34:55","modified_gmt":"2023-01-18T08:34:55","slug":"sistema-y-procedimiento-de-fusion-por-confinamiento-ionico-resonante","status":"publish","type":"product","link":"https:\/\/www.upm.es\/recursosidi\/offers-resources\/patentes\/sistema-y-procedimiento-de-fusion-por-confinamiento-ionico-resonante\/","title":{"rendered":"Sistema y procedimiento de fusi\u00f3n por confinamiento i\u00f3nico resonante"},"content":{"rendered":"<h5>Descripci\u00f3n de la patente <\/h5>\n<p align=\"LEFT\">Sistema y procedimiento de fusi&oacute;n por confinamiento i&oacute;nico resonante que comprende una trampa i&oacute;nica cil&iacute;ndrica de tipo Penning-Malmberg donde se ha hecho el vac&iacute;o y que comprende:<\/p>\n<p align=\"LEFT\">&#8211; un contenedor cil&iacute;ndrico (50),<\/p>\n<p align=\"LEFT\">&#8211; dos primeros electrodos cil&iacute;ndricos (11) situados consecutivamente en direcci&oacute;n longitudinal, &#8211; un tercer electrodo cil&iacute;ndrico (12) situado en el eje de simetr&iacute;a del contenedor cil&iacute;ndrico (50) con una<\/p>\n<p align=\"LEFT\">diferencia de potencial respecto a los dos primeros electrodos cil&iacute;ndricos (11), &#8211; ocho electrodos (1, 2, 3, 4, 5, 6, 7, 8) con paridades alternas en disposici&oacute;n circular alrededor del tercer electrodo cil&iacute;ndrico (12) configurados para generar un campo cuadripolar de corriente alterna, donde el sistema est&aacute; configurado para la aplicaci&oacute;n de una intensidad del campo el&eacute;ctrico cuadripolar donde el <span style=\"font-family: Arial;font-size: xx-small\"><span style=\"font-family: Arial;font-size: xx-small\">par&aacute;metro de intensidad <\/span><\/span><span lang=\"JA\" style=\"font-family: CambriaMath;font-size: xx-small\"><span lang=\"JA\" style=\"font-family: CambriaMath;font-size: xx-small\">\u00bf\u00bf <\/span><\/span><span style=\"font-family: Arial;font-size: xx-small\"><span style=\"font-family: Arial;font-size: xx-small\">es igual a <\/span><\/span><span lang=\"JA\" style=\"font-family: CambriaMath;font-size: xx-small\"><span lang=\"JA\" style=\"font-family: CambriaMath;font-size: xx-small\">\u00bf\u00bf(\u00bf\u00bf<\/span><\/span><span lang=\"JA\" style=\"font-family: CambriaMath;font-size: xx-small\"><span lang=\"JA\" style=\"font-family: CambriaMath;font-size: xx-small\">0<\/span><\/span><span lang=\"JA\" style=\"font-family: CambriaMath;font-size: xx-small\"><span lang=\"JA\" style=\"font-family: CambriaMath;font-size: xx-small\">, \u00bf\u00bf, \u00bf\u00bf) &asymp;<\/span><\/span><\/p>\n<p align=\"LEFT\">\u00bf\u00bf (<\/p>\n<p align=\"LEFT\"><span lang=\"JA\" style=\"font-family: CambriaMath;font-size: xx-small\"><span lang=\"JA\" style=\"font-family: CambriaMath;font-size: xx-small\">\u00bf\u00bf<\/span><\/span><span lang=\"JA\" style=\"font-family: CambriaMath;font-size: xx-small\"><span lang=\"JA\" style=\"font-family: CambriaMath;font-size: xx-small\">0 \u00bf\u00bf<\/span><\/span><\/p>\n<p align=\"LEFT\"><span lang=\"JA\" style=\"font-family: CambriaMath;font-size: xx-small\"><span lang=\"JA\" style=\"font-family: CambriaMath;font-size: xx-small\">\u00bf\u00bf<\/span><\/span><span lang=\"JA\" style=\"font-family: CambriaMath;font-size: xx-small\"><span lang=\"JA\" style=\"font-family: CambriaMath;font-size: xx-small\">2<\/span><\/span><span lang=\"JA\" style=\"font-family: CambriaMath;font-size: xx-small\"><span lang=\"JA\" style=\"font-family: CambriaMath;font-size: xx-small\">\u00bf\u00bf<\/span><\/span><span lang=\"JA\" style=\"font-family: CambriaMath;font-size: xx-small\"><span lang=\"JA\" style=\"font-family: CambriaMath;font-size: xx-small\">2<\/span><\/span><span lang=\"JA\" style=\"font-family: CambriaMath;font-size: xx-small\"><span lang=\"JA\" style=\"font-family: CambriaMath;font-size: xx-small\">\u00bf\u00bf<\/span><\/span><\/p>\n<p align=\"LEFT\">)<\/p>\n<p align=\"LEFT\">1<\/p>\n<p><span lang=\"JA\" style=\"font-family: CambriaMath;font-size: xx-small\"><span lang=\"JA\" style=\"font-family: CambriaMath;font-size: xx-small\">2<\/span><\/span><span style=\"font-family: Arial;font-size: xx-small\"><span style=\"font-family: Arial;font-size: xx-small\">.<\/span><\/span><\/p>\n<h5>Situaci\u00f3n <\/h5>\n<p>Concedida<\/p>\n<h5>N\u00famero de solicitud<\/h5>\n<p>P202131221<\/p>\n<h5>N\u00famero de publicaci\u00f3n<\/h5>\n<p>ES2916023<\/p>\n<h5>Fecha de presentaci\u00f3n <\/h5>\n<p>28\/12\/2021<\/p>\n<h5>Fecha de publicaci\u00f3n <\/h5>\n<p>27\/06\/2022<\/p>\n<h5>Fecha de concesi\u00f3n <\/h5>\n<p>07\/12\/2022<\/p>\n<div class=\"pdfprnt-buttons pdfprnt-buttons-product pdfprnt-bottom-left\"><a href=\"https:\/\/www.upm.es\/recursosidi\/wp-json\/wp\/v2\/product\/9933?print=pdf\" class=\"pdfprnt-button pdfprnt-button-pdf\" target=\"_blank\"><span class=\"pdfprnt-button-title pdfprnt-button-pdf-title\">Descargar ficha<\/span><\/a><\/div>","protected":false},"excerpt":{"rendered":"<p>Descripci\u00f3n de la patente Sistema y procedimiento de fusi&oacute;n por confinamiento i&oacute;nico resonante que comprende una trampa i&oacute;nica cil&iacute;ndrica de tipo Penning-Malmberg donde se ha&hellip;<\/p>\n","protected":false},"featured_media":0,"template":"","meta":{"_acf_changed":false},"product_cat":[3946],"product_tag":[],"comunidades-upm":[],"quien":[],"mapa":[{"term_id":133,"name":"Clima, Energ\u00eda y Movilidad","slug":"clima-energia-movilidad","term_group":0,"term_taxonomy_id":133,"taxonomy":"mapa","description":"","parent":0,"count":129,"filter":"raw","term_order":"9"}],"disponibilidad":[],"donde":[{"term_id":618,"name":"Centro de Investigaci\u00f3n en Simulaci\u00f3n Computacional (CCS)","slug":"centro-de-investigacion-en-simulacion-computacional-ccs","term_group":0,"term_taxonomy_id":618,"taxonomy":"donde","description":"","parent":0,"count":27,"filter":"raw","term_order":"0"},{"term_id":516,"name":"Grupo de investigaci\u00f3n en Informaci\u00f3n y Computaci\u00f3n Cu\u00e1ntica (GIICC)","slug":"grupo-de-investigacion-en-informacion-y-computacion-cuantica-giicc","term_group":0,"term_taxonomy_id":516,"taxonomy":"donde","description":"El grupo es experto en la distribuci&oacute;n cu&aacute;ntica de claves (QKD). En particular, en la integraci&oacute;n de sistemas QKD en redes &oacute;pticas comerciales, as&iacute; como en el post-procesado o destilaci&oacute;n de clave secreta en QKD. Y participa en el proceso de estandarizaci&oacute;n de la QKD llevado a cabo por el Instituto Europeo de Est&aacute;ndares de Telecomunicaci&oacute;n (ETSI).\n&nbsp;\nEl grupo tambi&eacute;n es experto en t&eacute;cnicas de computaci&oacute;n de alto rendimiento, en especial aquellas aplicadas a procesos f&iacute;sicos y su an&aacute;lisis a trav&eacute;s de t&eacute;cnicas de visualizaci&oacute;n.\n&nbsp;\nLlevamos a cabo nuestro trabajo en base a las siguientes l&iacute;neas de investigaci&oacute;n:\n\nSimulaci&oacute;n de Sistemas Cu&aacute;nticos Mesosc&oacute;picos\nInformaci&oacute;n y Computaci&oacute;n Cu&aacute;nticas\nComputaci&oacute;n de alto rendimiento\n","parent":0,"count":9,"filter":"raw","term_order":"0"}],"infraestructura":[],"ods":[],"origen":[{"term_id":180,"name":"Patente","slug":"patente","term_group":0,"term_taxonomy_id":180,"taxonomy":"origen","description":"","parent":0,"count":614,"filter":"raw","term_order":"0"}],"familia_tax":false,"quien_tax":false,"donde_tax":false,"year":"","contacto":"<strong>Principales: <\/strong><ul><li>VICENTE MARTIN AYUSO <blockquote><strong>vicente.martin@upm.es<\/strong><\/blockquote><\/li><li>JOSE LUIS ROSALES BEJARANO <blockquote><strong>joseluis.rosales@upm.es<\/strong><\/blockquote><\/li><\/ul>","telefono":"","pagina_web":"","email":"","id_ficha_portal":"1733","video":"","adjuntos":false,"adjuntos_portal":"https:\/\/www.upm.es\/S2i\/Acuse\/recuperarArchivo.jsp?id=1733&id_archivo=13410&tipo=patente&extension=fichero","inf":false,"departamento":"","acf":[],"lang":"es","translation":{"es":9933},"_links":{"self":[{"href":"https:\/\/www.upm.es\/recursosidi\/wp-json\/wp\/v2\/product\/9933"}],"collection":[{"href":"https:\/\/www.upm.es\/recursosidi\/wp-json\/wp\/v2\/product"}],"about":[{"href":"https:\/\/www.upm.es\/recursosidi\/wp-json\/wp\/v2\/types\/product"}],"wp:attachment":[{"href":"https:\/\/www.upm.es\/recursosidi\/wp-json\/wp\/v2\/media?parent=9933"}],"wp:term":[{"taxonomy":"product_cat","embeddable":true,"href":"https:\/\/www.upm.es\/recursosidi\/wp-json\/wp\/v2\/product_cat?post=9933"},{"taxonomy":"product_tag","embeddable":true,"href":"https:\/\/www.upm.es\/recursosidi\/wp-json\/wp\/v2\/product_tag?post=9933"},{"taxonomy":"comunidad_upm","embeddable":true,"href":"https:\/\/www.upm.es\/recursosidi\/wp-json\/wp\/v2\/comunidades-upm?post=9933"},{"taxonomy":"quien","embeddable":true,"href":"https:\/\/www.upm.es\/recursosidi\/wp-json\/wp\/v2\/quien?post=9933"},{"taxonomy":"mapa","embeddable":true,"href":"https:\/\/www.upm.es\/recursosidi\/wp-json\/wp\/v2\/mapa?post=9933"},{"taxonomy":"disponibilidad","embeddable":true,"href":"https:\/\/www.upm.es\/recursosidi\/wp-json\/wp\/v2\/disponibilidad?post=9933"},{"taxonomy":"donde","embeddable":true,"href":"https:\/\/www.upm.es\/recursosidi\/wp-json\/wp\/v2\/donde?post=9933"},{"taxonomy":"infraestructura","embeddable":true,"href":"https:\/\/www.upm.es\/recursosidi\/wp-json\/wp\/v2\/infraestructura?post=9933"},{"taxonomy":"ods","embeddable":true,"href":"https:\/\/www.upm.es\/recursosidi\/wp-json\/wp\/v2\/ods?post=9933"},{"taxonomy":"origen","embeddable":true,"href":"https:\/\/www.upm.es\/recursosidi\/wp-json\/wp\/v2\/origen?post=9933"}],"curies":[{"name":"wp","href":"https:\/\/api.w.org\/{rel}","templated":true}]}}