{"id":9934,"date":"2022-06-29T02:49:30","date_gmt":"2022-06-29T00:49:30","guid":{"rendered":"https:\/\/www.upm.es\/recursosidi\/offers-resources\/sin%20categor\u00eda\/dispositivo-sensor-para-la-medida-de-fuerzas-y-pares-y-metodo-de-fabricacion-de-dicho-dispositivo-sensor\/"},"modified":"2023-11-01T02:30:10","modified_gmt":"2023-11-01T01:30:10","slug":"dispositivo-sensor-para-la-medida-de-fuerzas-y-pares-y-metodo-de-fabricacion-de-dicho-dispositivo-sensor","status":"publish","type":"product","link":"https:\/\/www.upm.es\/recursosidi\/offers-resources\/patentes\/dispositivo-sensor-para-la-medida-de-fuerzas-y-pares-y-metodo-de-fabricacion-de-dicho-dispositivo-sensor\/","title":{"rendered":"Dispositivo sensor para la medida de fuerzas y pares y m\u00e9todo de fabricaci\u00f3n de dicho dispositivo sensor"},"content":{"rendered":"<h5>Descripci\u00f3n de la patente <\/h5>\n<p align=\"LEFT\">Dispositivo sensor para la medida de fuerzas y pares<\/p>\n<p align=\"LEFT\">configurado para la medici&oacute;n en al menos una<\/p>\n<p align=\"LEFT\">direcci&oacute;n y comprende un primer cuerpo (4) y un<\/p>\n<p align=\"LEFT\">segundo cuerpo (6) y adicionalmente:- un par (2.1) de<\/p>\n<p align=\"LEFT\">sensores de presi&oacute;n (2) unidireccionales, que<\/p>\n<p align=\"LEFT\">comprende dos sensores de presi&oacute;n (2) configurados<\/p>\n<p align=\"LEFT\">para la medici&oacute;n de la fuerza en el mismo eje en<\/p>\n<p align=\"LEFT\">sentidos opuestos, siendo solidario al primer cuerpo<\/p>\n<p align=\"LEFT\">(4) o al segundo cuerpo (6) y estando el otro cuerpo<\/p>\n<p align=\"LEFT\">(4, 6) configurado para recibir una fuerza externa,<\/p>\n<p align=\"LEFT\">&#8211; un interfaz que comprende un elemento el&aacute;stico<\/p>\n<p align=\"LEFT\">fabricado mediante la disposici&oacute;n de un l&iacute;quido<\/p>\n<p align=\"LEFT\">solidificable de forma el&aacute;stica en el espacio entre el<\/p>\n<p align=\"LEFT\">par (2.1) de sensores de presi&oacute;n (2) y el cuerpo (4, 6)<\/p>\n<p align=\"LEFT\">configurado para recibir la fuerza externa, y<\/p>\n<p align=\"LEFT\">&#8211; un sistema de medici&oacute;n que ha sido calibrado<\/p>\n<p align=\"LEFT\">mediante un proceso de aprendizaje basado en<\/p>\n<p>t&eacute;cnicas de inteligencia artificial.<\/p>\n<p>&nbsp;<\/p>\n<h5>Situaci\u00f3n <\/h5>\n<p>Concedida<\/p>\n<h5>N\u00famero de solicitud<\/h5>\n<p>P202131163<\/p>\n<h5>N\u00famero de publicaci\u00f3n<\/h5>\n<p>ES2915903<\/p>\n<h5>Fecha de presentaci\u00f3n <\/h5>\n<p>15\/12\/2021<\/p>\n<h5>Fecha de publicaci\u00f3n <\/h5>\n<p>27\/06\/2022<\/p>\n<h5>Fecha de concesi\u00f3n <\/h5>\n<p>18\/10\/2023<\/p>\n<div class=\"pdfprnt-buttons pdfprnt-buttons-product pdfprnt-bottom-left\"><a href=\"https:\/\/www.upm.es\/recursosidi\/wp-json\/wp\/v2\/product\/9934?print=pdf\" class=\"pdfprnt-button pdfprnt-button-pdf\" target=\"_blank\"><span class=\"pdfprnt-button-title pdfprnt-button-pdf-title\">Descargar ficha<\/span><\/a><\/div>","protected":false},"excerpt":{"rendered":"<p>Descripci\u00f3n de la patente Dispositivo sensor para la medida de fuerzas y pares configurado para la medici&oacute;n en al menos una direcci&oacute;n y comprende un&hellip;<\/p>\n","protected":false},"featured_media":0,"template":"","meta":{"_acf_changed":false},"product_cat":[3946],"product_tag":[],"comunidades-upm":[],"quien":[],"mapa":[],"disponibilidad":[],"donde":[{"term_id":576,"name":"Centro de Autom\u00e1tica y Rob\u00f3tica (CAR). Centro Mixto UPM-CSIC","slug":"centro-de-automatica-y-robotica-car-centro-mixto-upm-csic","term_group":0,"term_taxonomy_id":576,"taxonomy":"donde","description":"","parent":0,"count":42,"filter":"raw","term_order":"0"},{"term_id":366,"name":"Rob\u00f3tica y Cibern\u00e9tica","slug":"robotica-y-cibernetica","term_group":0,"term_taxonomy_id":366,"taxonomy":"donde","description":"En el grupo de Investigaci&oacute;n de Rob&oacute;tica y Cibern&eacute;tica (ROBCIB) orientamos la investigaci&oacute;n hacia el desarrollo de robots y sus aplicaciones trabajando en nuestras principales l&iacute;neas de investigaci&oacute;n:\n&nbsp;\n\nRob&oacute;tica de exteriores\nRobots para agricultura\nRobots para Seguridad B&uacute;squeda y Rescate\nRob&oacute;tica a&eacute;rea\nInterfaces Humano Robot\nSoftRobots\nIngenier&iacute;a biom&eacute;dica\nMicro-rob&oacute;tica\n\n&nbsp;\nLos miembros del ROBCIB han sido pioneros en Espa&ntilde;a en la investigaci&oacute;n y desarrollo en diversas &aacute;reas de la rob&oacute;tica, habiendo participado en el desarrollo de robots o de aplicaciones de los mismos desde el a&ntilde;o 1982, bien en proyectos nacionales como internacionales con financiaci&oacute;n p&uacute;blica y privada.","parent":0,"count":10,"filter":"raw","term_order":"0"}],"infraestructura":[],"ods":[],"origen":[{"term_id":180,"name":"Patente","slug":"patente","term_group":0,"term_taxonomy_id":180,"taxonomy":"origen","description":"","parent":0,"count":614,"filter":"raw","term_order":"0"}],"familia_tax":false,"quien_tax":false,"donde_tax":false,"year":"","contacto":"<strong>Principales: <\/strong><ul><li>ALBERTO BRUNETE GONZALEZ <blockquote><strong>alberto.brunete@upm.es<\/strong><\/blockquote><\/li><li>MIGUEL HERNANDO GUTIERREZ <blockquote><strong>miguel.hernando@upm.es<\/strong><\/blockquote><\/li><\/ul><strong>Otros investigadores UPM: <\/strong><ul><li>Marcos Campos Villalta Centro de I+d+i en Procesado de la Informaci\u00f3n y Telecomunicaciones (IPT)<\/li><\/ul>","telefono":"","pagina_web":"","email":"","id_ficha_portal":"1769","video":"","adjuntos":false,"adjuntos_portal":"https:\/\/www.upm.es\/S2i\/Acuse\/recuperarArchivo.jsp?id=1769&id_archivo=14089&tipo=patente&extension=fichero","inf":false,"departamento":"","acf":[],"lang":"es","translation":{"es":9934},"_links":{"self":[{"href":"https:\/\/www.upm.es\/recursosidi\/wp-json\/wp\/v2\/product\/9934"}],"collection":[{"href":"https:\/\/www.upm.es\/recursosidi\/wp-json\/wp\/v2\/product"}],"about":[{"href":"https:\/\/www.upm.es\/recursosidi\/wp-json\/wp\/v2\/types\/product"}],"wp:attachment":[{"href":"https:\/\/www.upm.es\/recursosidi\/wp-json\/wp\/v2\/media?parent=9934"}],"wp:term":[{"taxonomy":"product_cat","embeddable":true,"href":"https:\/\/www.upm.es\/recursosidi\/wp-json\/wp\/v2\/product_cat?post=9934"},{"taxonomy":"product_tag","embeddable":true,"href":"https:\/\/www.upm.es\/recursosidi\/wp-json\/wp\/v2\/product_tag?post=9934"},{"taxonomy":"comunidad_upm","embeddable":true,"href":"https:\/\/www.upm.es\/recursosidi\/wp-json\/wp\/v2\/comunidades-upm?post=9934"},{"taxonomy":"quien","embeddable":true,"href":"https:\/\/www.upm.es\/recursosidi\/wp-json\/wp\/v2\/quien?post=9934"},{"taxonomy":"mapa","embeddable":true,"href":"https:\/\/www.upm.es\/recursosidi\/wp-json\/wp\/v2\/mapa?post=9934"},{"taxonomy":"disponibilidad","embeddable":true,"href":"https:\/\/www.upm.es\/recursosidi\/wp-json\/wp\/v2\/disponibilidad?post=9934"},{"taxonomy":"donde","embeddable":true,"href":"https:\/\/www.upm.es\/recursosidi\/wp-json\/wp\/v2\/donde?post=9934"},{"taxonomy":"infraestructura","embeddable":true,"href":"https:\/\/www.upm.es\/recursosidi\/wp-json\/wp\/v2\/infraestructura?post=9934"},{"taxonomy":"ods","embeddable":true,"href":"https:\/\/www.upm.es\/recursosidi\/wp-json\/wp\/v2\/ods?post=9934"},{"taxonomy":"origen","embeddable":true,"href":"https:\/\/www.upm.es\/recursosidi\/wp-json\/wp\/v2\/origen?post=9934"}],"curies":[{"name":"wp","href":"https:\/\/api.w.org\/{rel}","templated":true}]}}